{"id":966,"date":"2024-10-28T13:56:40","date_gmt":"2024-10-28T19:56:40","guid":{"rendered":"https:\/\/valverdelodgeglamping.com\/?page_id=966"},"modified":"2024-12-07T17:18:42","modified_gmt":"2024-12-07T23:18:42","slug":"stays-services-included","status":"publish","type":"page","link":"https:\/\/valverdelodgeglamping.com\/en\/stays-services-included\/","title":{"rendered":"STAYS + SERVICES INCLUDED"},"content":{"rendered":"\n<p><\/p>\n\n\n\n<p><\/p>\n\n\n\n<p>Disfrute de una extraordinaria caminata de 2 horas por la selva tropical del Volc\u00e1n Arenal y luego rel\u00e1jese en las aguas termales naturales de los lagos.<\/p>\n\n\n\n<p>Los senderos en el Parque Volc\u00e1n Arenal no son muy fatigantes, adem\u00e1s puede disfrutar de un gu\u00eda profesional para una perfecta caminata y una mejor observaci\u00f3n de la vida silvestre. Este tour brinda oportunidades perfectas para tomar fotograf\u00edas del impresionante Volc\u00e1n Arenal y su entorno, as\u00ed como del pr\u00edstino Lago Arenal y el extinto volc\u00e1n Cerro Chato. Una parte del Volc\u00e1n Arenal tuvo secciones que fueron devastadas por el flujo de lava de 1968, por lo que algunas \u00e1reas tienen muy poca vegetaci\u00f3n.<\/p>\n\n\n\n<p>&nbsp;Las aguas termales naturales en Los Lagos reciben su suministro de agua directamente de los manantiales de la selva.&nbsp; Estos&nbsp; jacuzzis de forma natural reciben un flujo continuo de agua &nbsp;caliente, llena de minerales saludables del Volc\u00e1n Arenal.<\/p>\n","protected":false},"excerpt":{"rendered":"<p>Disfrute de una extraordinaria caminata de 2 horas por la selva tropical del Volc\u00e1n Arenal y luego rel\u00e1jese en las aguas termales naturales de los lagos. Los senderos en el Parque Volc\u00e1n Arenal no son muy fatigantes, adem\u00e1s puede disfrutar de un gu\u00eda profesional para una perfecta caminata y una mejor observaci\u00f3n de la vida<\/p>\n","protected":false},"author":1,"featured_media":0,"parent":0,"menu_order":0,"comment_status":"closed","ping_status":"closed","template":"","meta":{"footnotes":""},"class_list":["post-966","page","type-page","status-publish","hentry"],"_links":{"self":[{"href":"https:\/\/valverdelodgeglamping.com\/en\/wp-json\/wp\/v2\/pages\/966\/"}],"collection":[{"href":"https:\/\/valverdelodgeglamping.com\/en\/wp-json\/wp\/v2\/pages\/"}],"about":[{"href":"https:\/\/valverdelodgeglamping.com\/en\/wp-json\/wp\/v2\/types\/page\/"}],"author":[{"embeddable":true,"href":"https:\/\/valverdelodgeglamping.com\/en\/wp-json\/wp\/v2\/users\/1\/"}],"replies":[{"embeddable":true,"href":"https:\/\/valverdelodgeglamping.com\/en\/wp-json\/wp\/v2\/comments\/?post=966"}],"version-history":[{"count":5,"href":"https:\/\/valverdelodgeglamping.com\/en\/wp-json\/wp\/v2\/pages\/966\/revisions\/"}],"predecessor-version":[{"id":1088,"href":"https:\/\/valverdelodgeglamping.com\/en\/wp-json\/wp\/v2\/pages\/966\/revisions\/1088\/"}],"wp:attachment":[{"href":"https:\/\/valverdelodgeglamping.com\/en\/wp-json\/wp\/v2\/media\/?parent=966"}],"curies":[{"name":"wp","href":"https:\/\/api.w.org\/{rel}","templated":true}]}}